{"id":62,"date":"2010-02-23T13:43:40","date_gmt":"2010-02-23T12:43:40","guid":{"rendered":"http:\/\/consejosocial.zeus.umh.es\/?page_id=62"},"modified":"2022-09-06T12:49:36","modified_gmt":"2022-09-06T10:49:36","slug":"premios-consejo-social","status":"publish","type":"page","link":"https:\/\/consejosocial.umh.es\/en\/premios-consejo-social\/","title":{"rendered":"Social Council Awards"},"content":{"rendered":"<p><\/p>\n<p style=\"text-align: justify\">\n<p class=\"MsoNormal\"><strong>VII EDICI\u00d3N DE LOS PREMIOS CONSEJO SOCIAL<\/strong><\/p>\n<p class=\"MsoNormal\"><span>Modalidades convocadas:<\/span><\/p>\n<p class=\"MsoNormal\"><strong><em><\/em><\/strong><span><span>&#8211;<span> <\/span><\/span><\/span><strong><em><span>Empresas e instituciones<\/span><\/em><\/strong><\/p>\n<p class=\"MsoNormal\"><span><span>&#8211;<span> <\/span><\/span><\/span><strong><em><span>Investigaci\u00f3n:<\/span><\/em><\/strong><\/p>\n<p class=\"MsoNormal\"><span><span>o<span> <\/span><\/span><\/span><strong><em><span>Grupos de Investigaci\u00f3n de las \u00e1reas: \u201cArte, Humanidades y Ciencias Sociales y \u00a0Jur\u00eddicas\u201d, \u201cCiencias Biom\u00e9dicas y de la Salud\u201d, \u201cCiencias Experimentales\u201d e \u201cIngenier\u00eda y Tecnolog\u00eda\u201d<\/span><\/em><\/strong><\/p>\n<p class=\"MsoNormal\"><span><span>o<span> <\/span><\/span><\/span><strong><em><span>J\u00f3venes investigadores<\/span><\/em><\/strong><\/p>\n<p class=\"MsoNormal\"><span><span>&#8211;<span> <\/span><\/span><\/span><strong><em><span>Estudiantes<\/span><\/em><\/strong><\/p>\n<p class=\"MsoNormal\"><span><span>&#8211;<span> <\/span><\/span><\/span><strong><em><span>Excelencia docente<\/span><\/em><\/strong><\/p>\n<p class=\"MsoNormal\"><span><span>&#8211;<span> <\/span><\/span><\/span><strong><em><span>Acciones de innovaci\u00f3n en la gesti\u00f3n<\/span><\/em><\/strong><\/p>\n<p class=\"MsoNormal\"><span><span>&#8211;<span> <\/span><\/span><\/span><strong><em><span>Entidad sin \u00e1nimo de lucro<\/span><\/em><\/strong><\/p>\n<p class=\"MsoNormal\"><span><span>&#8211;<span> <\/span><\/span><\/span><strong><em><span>Mejor Deportista Universitario<\/span><\/em><\/strong><\/p>\n<p class=\"MsoNormal\"><span><span>&#8211;<span> <\/span><\/span><\/span><strong><em><span>Relevancia Social<\/span><\/em><\/strong><\/p>\n<p class=\"MsoNormal\">\u00a0<span>El premio <strong>\u201c<em>Excelencia docente<\/em>\u201d<\/strong> se convoca en el marco del convenio entre la Universidad Miguel Hern\u00e1ndez de Elche (UMH) y la Generalitat Valenciana-Conselleria de Educaci\u00f3n, Formaci\u00f3n y Empleo\u00a0para la promoci\u00f3n de la excelencia docente en la UMH. Por ello, es importante resaltar que el plazo de presentaci\u00f3n de solicitudes para aquellos profesores interesados en participar en esta modalidad finaliza a las 14:00 horas<strong> <\/strong>del\u00a0<strong>14 de noviembre de 2011. <\/strong><strong>La documentaci\u00f3n debe presentarse en Registro General o Auxiliares (CEGECA) de los distintos campus de la UMH.<\/strong><\/span><\/p>\n<p class=\"MsoNormal\">Plazos de otras modalidades que recogen la posibilidad de\u00a0presentar\u00a0candidaturas por parte de los propios interesados:<\/p>\n<p class=\"MsoNormal\">\n<p class=\"MsoNormal\"><strong>&#8211; <em>Acciones de innovaci\u00f3n en la gesti\u00f3n: <\/em>14:00 horas del 1 de diciembre de 2011.\u00a0Lugar\u00a0de presentaci\u00f3n de solicitudes: Registro General o Auxiliares (CEGECA) de los distintos campus de la UMH.<\/strong><\/p>\n<p class=\"MsoNormal\"><strong>&#8211; <em>Mejor Deportista Universitario: <\/em>14:00 horas del 1 de diciembre de 2011.\u00a0Lugar\u00a0de presentaci\u00f3n de solicitudes: Registro General o Auxiliares (CEGECA) de los distintos campus de la UMH.<\/strong><\/p>\n<p class=\"MsoNormal\"><strong>&#8211; <em>Relevancia Social: <\/em>14:00 horas del\u00a01 de diciembre de 2011.\u00a0Lugar\u00a0de presentaci\u00f3n de solicitudes: Registro General o Auxiliares (CEGECA) de los distintos campus de la UMH.<\/strong><\/p>\n<p class=\"MsoNormal\">\u00a0<span>Bases completas: <a href=\"https:\/\/consejosocial.umh.es\/files\/2011\/10\/bases-de-la-vii-edicion-premios-consejo-social-umh.pdf\" target=\"_self\" rel=\"noopener\">Bases VII Edici\u00f3n Premios Consejo Social de la UMH<\/a><\/span><\/p>\n<p class=\"MsoNormal\">\u00a0<span>El acto de entrega de premios est\u00e1 previsto que se celebre durante el mes de <strong>febrero de 2012<\/strong>.<\/span><\/p>\n<p class=\"MsoNormal\">\u00a0<\/p>\n<\/p>\n<p><\/p>","protected":false},"excerpt":{"rendered":"<p>VII EDICI\u00d3N DE LOS PREMIOS CONSEJO SOCIAL<br \/>\nModalidades convocadas:<br \/>\n&#8211; Empresas e instituciones<br \/>\n&#8211; Investigaci\u00f3n:<br \/>\no Grupos de Investigaci\u00f3n de las \u00e1reas: \u201cArte, Humanidades y Ciencias Sociales y \u00a0Jur\u00eddicas\u201d, \u201cCiencias Biom\u00e9dicas y de la Salud\u201d, \u201cCiencias Experimentales\u201d e \u201cIngenier\u00eda y Tecnolog\u00eda\u201d<br \/>\no J\u00f3venes investigadores<br \/>\n&#8211; Estudiantes<br \/>\n&#8211; Excelencia docente<br \/>\n&#8211; Acciones de innovaci\u00f3n en la gesti\u00f3n<br \/>\n&#8211; Entidad sin \u00e1nimo de lucro<br \/>\n&#8211; Mejor Deportista [&#8230;]<\/p>\n","protected":false},"author":1,"featured_media":0,"parent":0,"menu_order":40,"comment_status":"closed","ping_status":"closed","template":"","meta":{"ngg_post_thumbnail":0,"_links_to":"","_links_to_target":""},"_links":{"self":[{"href":"https:\/\/consejosocial.umh.es\/en\/wp-json\/wp\/v2\/pages\/62"}],"collection":[{"href":"https:\/\/consejosocial.umh.es\/en\/wp-json\/wp\/v2\/pages"}],"about":[{"href":"https:\/\/consejosocial.umh.es\/en\/wp-json\/wp\/v2\/types\/page"}],"author":[{"embeddable":true,"href":"https:\/\/consejosocial.umh.es\/en\/wp-json\/wp\/v2\/users\/1"}],"replies":[{"embeddable":true,"href":"https:\/\/consejosocial.umh.es\/en\/wp-json\/wp\/v2\/comments?post=62"}],"version-history":[{"count":0,"href":"https:\/\/consejosocial.umh.es\/en\/wp-json\/wp\/v2\/pages\/62\/revisions"}],"wp:attachment":[{"href":"https:\/\/consejosocial.umh.es\/en\/wp-json\/wp\/v2\/media?parent=62"}],"curies":[{"name":"wp","href":"https:\/\/api.w.org\/{rel}","templated":true}]}}