{"id":3344,"date":"2025-11-05T11:18:47","date_gmt":"2025-11-05T10:18:47","guid":{"rendered":"https:\/\/consejosocial.umh.es\/?page_id=3344"},"modified":"2025-11-10T10:54:09","modified_gmt":"2025-11-10T09:54:09","slug":"evaluacion-del-despempeno-del-consejo-social","status":"publish","type":"page","link":"https:\/\/consejosocial.umh.es\/en\/transparencia\/evaluacion-del-despempeno-del-consejo-social\/","title":{"rendered":"<span lang=\"es\">(Espa\u00f1ol) Evaluaci\u00f3n del Desempe\u00f1o del Consejo Social<\/span>"},"content":{"rendered":"<p class=\"qtranxs-available-languages-message qtranxs-available-languages-message-en\">Sorry, this entry is only available in <a href=\"https:\/\/consejosocial.umh.es\/es\/wp-json\/wp\/v2\/pages\/3344\" class=\"qtranxs-available-language-link qtranxs-available-language-link-es\" title=\"Espa\u00f1ol\">European Spanish<\/a>.<\/p>","protected":false},"excerpt":{"rendered":"<p>Sorry, this entry is only available in European Spanish.<\/p>\n","protected":false},"author":3158,"featured_media":0,"parent":91,"menu_order":90,"comment_status":"closed","ping_status":"closed","template":"","meta":{"ngg_post_thumbnail":0,"_links_to":"","_links_to_target":""},"_links":{"self":[{"href":"https:\/\/consejosocial.umh.es\/en\/wp-json\/wp\/v2\/pages\/3344"}],"collection":[{"href":"https:\/\/consejosocial.umh.es\/en\/wp-json\/wp\/v2\/pages"}],"about":[{"href":"https:\/\/consejosocial.umh.es\/en\/wp-json\/wp\/v2\/types\/page"}],"author":[{"embeddable":true,"href":"https:\/\/consejosocial.umh.es\/en\/wp-json\/wp\/v2\/users\/3158"}],"replies":[{"embeddable":true,"href":"https:\/\/consejosocial.umh.es\/en\/wp-json\/wp\/v2\/comments?post=3344"}],"version-history":[{"count":0,"href":"https:\/\/consejosocial.umh.es\/en\/wp-json\/wp\/v2\/pages\/3344\/revisions"}],"up":[{"embeddable":true,"href":"https:\/\/consejosocial.umh.es\/en\/wp-json\/wp\/v2\/pages\/91"}],"wp:attachment":[{"href":"https:\/\/consejosocial.umh.es\/en\/wp-json\/wp\/v2\/media?parent=3344"}],"curies":[{"name":"wp","href":"https:\/\/api.w.org\/{rel}","templated":true}]}}