{"id":109,"date":"2010-03-24T10:04:13","date_gmt":"2010-03-24T09:04:13","guid":{"rendered":"http:\/\/consejosocial.zeus.umh.es\/?page_id=109"},"modified":"2013-04-16T14:45:28","modified_gmt":"2013-04-16T12:45:28","slug":"premiados-ii-edicion","status":"publish","type":"page","link":"https:\/\/consejosocial.umh.es\/en\/premios-consejo-social\/premiados-ii-edicion\/","title":{"rendered":"Premiados II Edici\u00f3n"},"content":{"rendered":"<p><\/p>\n<p><p style=\"text-align: justify\"><strong>PREMIO A EMPRESAS E INSTITUCIONES.<\/strong><\/p>\n<p style=\"text-align: justify\">ASEPEYO (Mutua de trabajo y enfermedades Profesionales).<\/p>\n<p style=\"text-align: justify\"><strong>PREMIO ESTUDIANTES<\/strong><\/p>\n<p style=\"text-align: justify\">D\u00aa. Carmen Serrano Puche.<\/p>\n<p style=\"text-align: justify\">D\u00aa. M\u00aa Soledad Torregrosa D\u00edez.<\/p>\n<p style=\"text-align: justify\">D\u00aa Elena Garc\u00eda Garrigos.<\/p>\n<p style=\"text-align: justify\"><strong>PREMIO INVESTIGACI\u00d3N<\/strong><\/p>\n<p style=\"text-align: justify\"><strong>A) PREMIO GRUPOS DE INVESTIGACI\u00d3N.<\/strong><\/p>\n<p style=\"text-align: justify\">Grupo del Departamento de Tecnolog\u00eda Agroalimentaria.<\/p>\n<p style=\"text-align: justify\">D. Jos\u00e9 \u00c1ngel P\u00e9rez \u00c1lvarez.<br \/>\nD\u00aa. Juana Fern\u00e1ndez L\u00f3pez.<br \/>\nD\u00aa. M\u00aa Jos\u00e9 Frutos Fern\u00e1ndez.<br \/>\nD\u00aa. Casilda Navarro Rodr\u00edguez.<br \/>\nD\u00aa. Mar\u00eda Estrella Sayas Barber\u00e1.<br \/>\nD\u00aa. Esther\u00a0 Sendra Nadal.<\/p>\n<p style=\"text-align: justify\">T\u00edtulo del Proyecto: Recycling horticultural wastes to produce pathogen suppresant compost for sustainable vegetable crop production.<\/p>\n<p style=\"text-align: justify\"><strong>B) PREMIO A J\u00d3VENES INVESTIGADORES.<\/strong><\/p>\n<p style=\"text-align: justify\">D. Ausias\u00a0 Garrigos Sirvent.<\/p>\n<p style=\"text-align: justify\">Propuesta: Sistemas Fotovolcaicos Aut\u00f3nomos<\/p>\n<p style=\"text-align: justify\"><strong>PREMIO A LA INNOVACI\u00d3N A LA DOCENCIA.<\/strong><\/p>\n<p style=\"text-align: justify\">D. Luis Miguel Jim\u00e9nez Garc\u00eda.<br \/>\nD. Rafael Puerto Manchon.<\/p>\n<p style=\"text-align: justify\">Propuesta: RECOLAB: Laboratorio Remoto de Control Utilizando Matlab\/Simulink<\/p>\n<p style=\"text-align: justify\"><strong>PREMIO A INSTITUCIONES SIN \u00c1NIMO DE LUCRO<\/strong><\/p>\n<p style=\"text-align: justify\">Federaci\u00f3n de Asociaciones Solidarias con el pueblo Saharaui de la Comunidad Valenciana.<\/p>\n<p style=\"text-align: justify\"><strong>PREMIO EXTRAORDINARIO<\/strong><\/p>\n<p style=\"text-align: justify\">El pleno del Consejo Social de la Universidad Miguel Hern\u00e1ndez de Elche en su sesi\u00f3n de 25 de abril de 2006 aprob\u00f3 por unanimidad:<\/p>\n<p style=\"text-align: justify\">Conceder con car\u00e1cter extraordinario un premio a la ciudad de Elche en la persona de su Alcalde Excmo. Sr. D. Diego Maci\u00e1 Ant\u00f3n, dada la especial relevancia de ser\u00a0 Elche la \u00fanica ciudad espa\u00f1ola que tiene dos bienes declarados Patrimonio de la Humanidad, uni\u00e9ndose al sentir que para esta ciudad ha supuesto\u00a0 la vuelta de su Dama y agradeciendo a toda la sociedad ilicitana la gran acogida que ha tenido con la Universidad Miguel Hern\u00e1ndez de Elche.<\/p>\n<\/p>\n<p><\/p>","protected":false},"excerpt":{"rendered":"<p>PREMIO A EMPRESAS E INSTITUCIONES.<br \/>\nASEPEYO (Mutua de trabajo y enfermedades Profesionales).<br \/>\nPREMIO ESTUDIANTES<br \/>\nD\u00aa. Carmen Serrano Puche.<br \/>\nD\u00aa. M\u00aa Soledad Torregrosa D\u00edez.<br \/>\nD\u00aa Elena Garc\u00eda Garrigos.<br \/>\nPREMIO INVESTIGACI\u00d3N<br \/>\nA) PREMIO GRUPOS DE INVESTIGACI\u00d3N.<br \/>\nGrupo del Departamento de Tecnolog\u00eda Agroalimentaria.<br \/>\nD. Jos\u00e9 \u00c1ngel P\u00e9rez \u00c1lvarez.<br \/>\nD\u00aa. Juana Fern\u00e1ndez L\u00f3pez.<br \/>\nD\u00aa. M\u00aa Jos\u00e9 Frutos Fern\u00e1ndez.<br \/>\nD\u00aa. Casilda Navarro Rodr\u00edguez.<br \/>\nD\u00aa. Mar\u00eda Estrella Sayas Barber\u00e1.<br \/>\nD\u00aa. Esther\u00a0 Sendra Nadal.<br \/>\nT\u00edtulo del Proyecto: [&#8230;]<\/p>\n","protected":false},"author":1,"featured_media":0,"parent":62,"menu_order":20,"comment_status":"closed","ping_status":"closed","template":"","meta":{"ngg_post_thumbnail":0,"_links_to":"","_links_to_target":""},"_links":{"self":[{"href":"https:\/\/consejosocial.umh.es\/en\/wp-json\/wp\/v2\/pages\/109"}],"collection":[{"href":"https:\/\/consejosocial.umh.es\/en\/wp-json\/wp\/v2\/pages"}],"about":[{"href":"https:\/\/consejosocial.umh.es\/en\/wp-json\/wp\/v2\/types\/page"}],"author":[{"embeddable":true,"href":"https:\/\/consejosocial.umh.es\/en\/wp-json\/wp\/v2\/users\/1"}],"replies":[{"embeddable":true,"href":"https:\/\/consejosocial.umh.es\/en\/wp-json\/wp\/v2\/comments?post=109"}],"version-history":[{"count":0,"href":"https:\/\/consejosocial.umh.es\/en\/wp-json\/wp\/v2\/pages\/109\/revisions"}],"up":[{"embeddable":true,"href":"https:\/\/consejosocial.umh.es\/en\/wp-json\/wp\/v2\/pages\/62"}],"wp:attachment":[{"href":"https:\/\/consejosocial.umh.es\/en\/wp-json\/wp\/v2\/media?parent=109"}],"curies":[{"name":"wp","href":"https:\/\/api.w.org\/{rel}","templated":true}]}}