{"id":100,"date":"2020-04-09T08:00:51","date_gmt":"2020-04-09T06:00:51","guid":{"rendered":"http:\/\/consejosocial.zeus.umh.es\/?page_id=100"},"modified":"2022-09-06T12:43:33","modified_gmt":"2022-09-06T10:43:33","slug":"funciones","status":"publish","type":"page","link":"https:\/\/consejosocial.umh.es\/en\/presentacion\/funciones\/","title":{"rendered":"Organizaci\u00f3n y Funciones"},"content":{"rendered":"<p><\/p>\n<p style=\"text-align: justify\">En virtud del art\u00edculo 2 de la LEY 2\/2003, de 28 de enero, de la Generalitat, de Consejos Sociales de las Universidades P\u00fablicas Valencianas corresponde al Consejo Social las siguientes funciones:<\/p>\n<p style=\"text-align: justify\">1.\u00a0\u00a0\u00a0 <strong>Fomentar y apoyar<\/strong> la colaboraci\u00f3n entre la sociedad y la universidad, y en especial promover las relaciones entre la universidad y su entorno cultural, profesional, econ\u00f3mico y social, al servicio de la calidad universitaria.<\/p>\n<p style=\"text-align: justify\">2.\u00a0\u00a0\u00a0 <strong>Promover<\/strong> la adecuaci\u00f3n de la oferta de ense\u00f1anzas universitarias y de las actividades culturales, cient\u00edficas y de investigaci\u00f3n a las necesidades de la sociedad.<\/p>\n<p style=\"text-align: justify\">3.\u00a0\u00a0\u00a0 <strong>Promover<\/strong> la colaboraci\u00f3n de la sociedad en la financiaci\u00f3n de la universidad, canalizando y adoptando, en el marco de la legislaci\u00f3n vigente, las iniciativas de apoyo econ\u00f3mico y mecenazgo a la universidad por parte de personas f\u00edsicas y entidades de car\u00e1cter p\u00fablico y privado.<\/p>\n<p class=\"MsoNormal\" style=\"margin: 0cm 0cm 10pt;text-align: justify\"><span><br \/>\n<\/span><\/p>","protected":false},"excerpt":{"rendered":"<p>En virtud del art\u00edculo 2 de la LEY 2\/2003, de 28 de enero, de la Generalitat, de Consejos Sociales de las Universidades P\u00fablicas Valencianas corresponde al Consejo Social las siguientes funciones:<br \/>\n1.\u00a0\u00a0\u00a0 Fomentar y apoyar la colaboraci\u00f3n entre la sociedad y la universidad, y en especial promover las relaciones entre la universidad y su entorno cultural, [&#8230;]<\/p>\n","protected":false},"author":1,"featured_media":0,"parent":98,"menu_order":2,"comment_status":"closed","ping_status":"closed","template":"","meta":{"ngg_post_thumbnail":0,"_links_to":"","_links_to_target":""},"_links":{"self":[{"href":"https:\/\/consejosocial.umh.es\/en\/wp-json\/wp\/v2\/pages\/100"}],"collection":[{"href":"https:\/\/consejosocial.umh.es\/en\/wp-json\/wp\/v2\/pages"}],"about":[{"href":"https:\/\/consejosocial.umh.es\/en\/wp-json\/wp\/v2\/types\/page"}],"author":[{"embeddable":true,"href":"https:\/\/consejosocial.umh.es\/en\/wp-json\/wp\/v2\/users\/1"}],"replies":[{"embeddable":true,"href":"https:\/\/consejosocial.umh.es\/en\/wp-json\/wp\/v2\/comments?post=100"}],"version-history":[{"count":0,"href":"https:\/\/consejosocial.umh.es\/en\/wp-json\/wp\/v2\/pages\/100\/revisions"}],"up":[{"embeddable":true,"href":"https:\/\/consejosocial.umh.es\/en\/wp-json\/wp\/v2\/pages\/98"}],"wp:attachment":[{"href":"https:\/\/consejosocial.umh.es\/en\/wp-json\/wp\/v2\/media?parent=100"}],"curies":[{"name":"wp","href":"https:\/\/api.w.org\/{rel}","templated":true}]}}