{"id":98,"date":"2018-02-21T00:00:22","date_gmt":"2018-02-20T23:00:22","guid":{"rendered":"http:\/\/consejosocial.zeus.umh.es\/?page_id=98"},"modified":"2022-09-06T12:49:23","modified_gmt":"2022-09-06T10:49:23","slug":"presentacion","status":"publish","type":"page","link":"https:\/\/consejosocial.umh.es\/ca\/presentacion\/","title":{"rendered":"Presentaci\u00f3"},"content":{"rendered":"<p>&nbsp;<\/p>\n<address>&nbsp;<\/address>\n<p><a href=\"https:\/\/consejosocial.umh.es\/files\/2019\/02\/20-02-19-nuevo-presidente-consejo-social.jpg\"><img loading=\"lazy\" class=\"wp-image-1340 size-medium alignleft\" src=\"https:\/\/consejosocial.umh.es\/files\/2019\/02\/20-02-19-nuevo-presidente-consejo-social-300x200.jpg\" alt=\"\" width=\"300\" height=\"200\" srcset=\"https:\/\/consejosocial.umh.es\/files\/2019\/02\/20-02-19-nuevo-presidente-consejo-social-300x200.jpg 300w, https:\/\/consejosocial.umh.es\/files\/2019\/02\/20-02-19-nuevo-presidente-consejo-social-768x512.jpg 768w, https:\/\/consejosocial.umh.es\/files\/2019\/02\/20-02-19-nuevo-presidente-consejo-social-1024x683.jpg 1024w\" sizes=\"(max-width: 300px) 100vw, 300px\" \/><\/a><\/p>\n<p><span style=\"color: #ffffff;\">D. Francisco Borja Miralles.<\/span><\/p>\n<p style=\"text-align: justify;\">D. Joaqu\u00edn P\u00e9rez V\u00e1zquez<\/p>\n<p style=\"text-align: justify;\">President del Consell Social de la Universitat Miguel Hern\u00e1ndez d&#8217;Elx.<\/p>\n<p style=\"text-align: justify;\">El Consell Social \u00e9s l&#8217;\u00f2rgan col\u00b7legiat universitari de participaci\u00f3 de la societat en la universitat, la fi de la qual \u00e9s aconseguir la major qualitat dels seus ensenyaments, potenciar la seua capacitat investigadora i impulsar el progr\u00e9s social, econ\u00f2mic i cultural de la societat en la qual s&#8217;insereix.<\/p>\n<p>La Comunitat Valenciana regula per la Llei 2\/2003 de 28 de gener, de la Generalitat, de Consells Socials de les Universitats P\u00fabliques Valencianes la composici\u00f3 i funcions del Consell Social i la designaci\u00f3 dels seus membres d&#8217;entre personalitats de la vida cultural, professional, econ\u00f2mica, laboral i social, que no podran ser membres de la pr\u00f2pia comunitat universit\u00e0ria.<\/p>\n<p>Seran, no obstant a\u00e7\u00f2, membres del Consell Social, el Rector, el Secretari General i el Gerent, aix\u00ed com un professor, un estudiant i un representant del personal d&#8217;administraci\u00f3 i serveis, triats pel Consell de Govern d&#8217;entre els seus membres.<\/p>\n<p>El President del Consell Social \u00e9s nomenat pel President de la Generalitat Valenciana..<\/p>\n<p>Les relacions entre el Consell Social i els altres \u00f2rgans col\u00b7legiats o unipersonals de la Universitat es regiran pels principis de coordinaci\u00f3, col\u00b7laboraci\u00f3 i lleialtat a la instituci\u00f3 universit\u00e0ria.<\/p>\n<p style=\"text-align: justify;\"><em>Aquest text ha sigut tradu\u00eft utilitzant un motor de traducci\u00f3 autom\u00e0tica.<\/em><\/p>\n<p><\/p>","protected":false},"excerpt":{"rendered":"<p>&nbsp;<br \/>\n&nbsp;<\/p>\n<p>D. Francisco Borja Miralles.<br \/>\nD. Joaqu\u00edn P\u00e9rez V\u00e1zquez<br \/>\nPresident del Consell Social de la Universitat Miguel Hern\u00e1ndez d&#8217;Elx.<br \/>\nEl Consell Social \u00e9s l&#8217;\u00f2rgan col\u00b7legiat universitari de participaci\u00f3 de la societat en la universitat, la fi de la qual \u00e9s aconseguir la major qualitat dels seus ensenyaments, potenciar la seua capacitat investigadora i impulsar el progr\u00e9s social, econ\u00f2mic i [&#8230;]<\/p>\n","protected":false},"author":1,"featured_media":0,"parent":0,"menu_order":0,"comment_status":"closed","ping_status":"closed","template":"","meta":{"ngg_post_thumbnail":0,"_links_to":"","_links_to_target":""},"_links":{"self":[{"href":"https:\/\/consejosocial.umh.es\/ca\/wp-json\/wp\/v2\/pages\/98"}],"collection":[{"href":"https:\/\/consejosocial.umh.es\/ca\/wp-json\/wp\/v2\/pages"}],"about":[{"href":"https:\/\/consejosocial.umh.es\/ca\/wp-json\/wp\/v2\/types\/page"}],"author":[{"embeddable":true,"href":"https:\/\/consejosocial.umh.es\/ca\/wp-json\/wp\/v2\/users\/1"}],"replies":[{"embeddable":true,"href":"https:\/\/consejosocial.umh.es\/ca\/wp-json\/wp\/v2\/comments?post=98"}],"version-history":[{"count":0,"href":"https:\/\/consejosocial.umh.es\/ca\/wp-json\/wp\/v2\/pages\/98\/revisions"}],"wp:attachment":[{"href":"https:\/\/consejosocial.umh.es\/ca\/wp-json\/wp\/v2\/media?parent=98"}],"curies":[{"name":"wp","href":"https:\/\/api.w.org\/{rel}","templated":true}]}}