{"id":91,"date":"2020-11-20T12:51:03","date_gmt":"2020-11-20T11:51:03","guid":{"rendered":"http:\/\/consejosocial.zeus.umh.es\/?page_id=91"},"modified":"2026-01-07T13:07:39","modified_gmt":"2026-01-07T12:07:39","slug":"transparencia","status":"publish","type":"page","link":"https:\/\/consejosocial.umh.es\/ca\/transparencia\/","title":{"rendered":"Comisiones"},"content":{"rendered":"<p><\/p>\n<p><p>COMISI\u00d3N ASUNTOS ACAD\u00c9MICOS<\/p>\n<p>Presidente: D. Francisco Menargues Garc\u00eda<br \/>\nD\u00f1a. Mercedes S\u00e1nchez Castillo\u00a0<span>\u00a0<\/span><br \/>\nD\u00f1a. Mercedes Alonso Garc\u00eda\u00a0<br \/>\nD\u00f1a. M\u00aa Jos\u00e9 Hidalgo Navarro<br \/>\nD. Carlos Lozano Serrano<br \/>\nD. Juan Agull\u00f3 Valero\u00a0<br \/>\nD\u00f1a. Cristina Pastor Valc\u00e1rcel<br \/>\nD. Bartolom\u00e9 \u00dabeda Fern\u00e1ndez<\/p>\n<p>COMISI\u00d3N ASUNTOS ECON\u00d3MICOS<\/p>\n<p>Presidente: D. Francisco Soler Obrero<br \/>\nD. Rafael Gand\u00eda Balaguer<br \/>\nD. Fernando Vidal Gim\u00e9nez\u00a0<br \/>\nD. Francisco Mar\u00edn Mart\u00ednez<br \/>\nD. Antonio Rodr\u00edguez Barber\u00e1<br \/>\nD. Jos\u00e9 Sepulcre Coves<br \/>\nD. F\u00e9lix Mar\u00eda Ced\u00e1n Mart\u00ednez<br \/>\nD. Ismael Senent Cartagena<\/p>\n<p>COMISI\u00d3N RELACIONES CON LA SOCIEDAD<\/p>\n<p>Presidente: D. Joaqu\u00edn P\u00e9rez V\u00e1zquez<br \/>\nD. Modesto Crespo Mart\u00ednez<br \/>\nD. Antonio Ram\u00f3n Guilabert Torregrosa<br \/>\nD. Pascual Pascual Morales<br \/>\nD\u00f1a. Rosana Per\u00e1n Baz\u00e1n<br \/>\nD. Jos\u00e9 Quiles Soler<br \/>\nD. Jes\u00fas T. Pastor Ciurana\u00a0<span>\u00a0<\/span><br \/>\nD. Antonio Arias Paredes<\/p>\n<p>Actualizado 02\/02\/2011<\/p>\n<\/p>\n<p><\/p>","protected":false},"excerpt":{"rendered":"<p>COMISI\u00d3N ASUNTOS ACAD\u00c9MICOS<br \/>\nPresidente: D. Francisco Menargues Garc\u00eda<br \/>\nD\u00f1a. Mercedes S\u00e1nchez Castillo\u00a0\u00a0<br \/>\nD\u00f1a. Mercedes Alonso Garc\u00eda\u00a0<br \/>\nD\u00f1a. M\u00aa Jos\u00e9 Hidalgo Navarro<br \/>\nD. Carlos Lozano Serrano<br \/>\nD. Juan Agull\u00f3 Valero\u00a0<br \/>\nD\u00f1a. Cristina Pastor Valc\u00e1rcel<br \/>\nD. Bartolom\u00e9 \u00dabeda Fern\u00e1ndez<br \/>\nCOMISI\u00d3N ASUNTOS ECON\u00d3MICOS<br \/>\nPresidente: D. Francisco Soler Obrero<br \/>\nD. Rafael Gand\u00eda Balaguer<br \/>\nD. Fernando Vidal Gim\u00e9nez\u00a0<br \/>\nD. Francisco Mar\u00edn Mart\u00ednez<br \/>\nD. Antonio Rodr\u00edguez Barber\u00e1<br \/>\nD. Jos\u00e9 Sepulcre Coves<br \/>\nD. F\u00e9lix Mar\u00eda Ced\u00e1n Mart\u00ednez<br \/>\nD. Ismael [&#8230;]<\/p>\n","protected":false},"author":1,"featured_media":0,"parent":0,"menu_order":4,"comment_status":"closed","ping_status":"closed","template":"","meta":{"ngg_post_thumbnail":0,"_links_to":"","_links_to_target":""},"_links":{"self":[{"href":"https:\/\/consejosocial.umh.es\/ca\/wp-json\/wp\/v2\/pages\/91"}],"collection":[{"href":"https:\/\/consejosocial.umh.es\/ca\/wp-json\/wp\/v2\/pages"}],"about":[{"href":"https:\/\/consejosocial.umh.es\/ca\/wp-json\/wp\/v2\/types\/page"}],"author":[{"embeddable":true,"href":"https:\/\/consejosocial.umh.es\/ca\/wp-json\/wp\/v2\/users\/1"}],"replies":[{"embeddable":true,"href":"https:\/\/consejosocial.umh.es\/ca\/wp-json\/wp\/v2\/comments?post=91"}],"version-history":[{"count":0,"href":"https:\/\/consejosocial.umh.es\/ca\/wp-json\/wp\/v2\/pages\/91\/revisions"}],"wp:attachment":[{"href":"https:\/\/consejosocial.umh.es\/ca\/wp-json\/wp\/v2\/media?parent=91"}],"curies":[{"name":"wp","href":"https:\/\/api.w.org\/{rel}","templated":true}]}}