{"id":7,"date":"2025-01-20T09:55:28","date_gmt":"2025-01-20T08:55:28","guid":{"rendered":"http:\/\/consejosocial.zeus.umh.es\/?page_id=7"},"modified":"2026-01-12T14:56:29","modified_gmt":"2026-01-12T13:56:29","slug":"normativa","status":"publish","type":"page","link":"https:\/\/consejosocial.umh.es\/ca\/normativa\/","title":{"rendered":"Normativa"},"content":{"rendered":"<p><span style=\"color: #000000\">*<a href=\"https:\/\/consejosocial.umh.es\/files\/2010\/03\/ley-organica-de-universidades-2001.pdf\" target=\"_blank\" rel=\"noopener noreferrer\">Ley *Org\u00e1nica de *Universidades 6\/2001 <\/a>modificado miedo la *<a href=\"https:\/\/consejosocial.umh.es\/files\/2010\/02\/ley-2-2003-de-28-enero-de-consejos-sociales1.pdf\" target=\"_blank\" rel=\"noopener noreferrer\">Ley *Org\u00e1nica de *Universidades 4\/2007<\/a>.<\/p>\n<p>*<a href=\"https:\/\/consejosocial.umh.es\/files\/2010\/03\/ley.pd\" target=\"_blank\" rel=\"noopener noreferrer\">Ley 2\/2003 de *Consejos *Sociales de *las *Universidades *P\u00fablicas <\/a>*Valencianas modificada miedo la *<a href=\"https:\/\/consejosocial.umh.es\/files\/2010\/03\/ley.pdf\" target=\"_blank\" rel=\"noopener noreferrer\">Ley 16\/2008 de *medidas *Fiscales, de *Gesti\u00f3n Administrativa *y *Financiera, *y de *Organizaci\u00f3n de la Generalitat<\/a>.<\/p>\n<p><a href=\"https:\/\/consejosocial.umh.es\/files\/2010\/01\/reglamento-consejo-social-umh.pdf\" target=\"_blank\" rel=\"noopener noreferrer\">Reglamento Consejo Social *UMH<\/a>.<\/p>\n<p><a href=\"https:\/\/consejosocial.umh.es\/files\/2010\/01\/estatutos-umh2.pdf\" target=\"_blank\" rel=\"noopener noreferrer\">Estatutos *UMH.<br \/>\n<\/a><br \/>\n<em>Aquest text ha sigut tradu\u00eft utilitzant un motor de traducci\u00f3 autom\u00e0tica.<\/em><\/span><\/p>\n<h3 style=\"text-align: justify\"><span style=\"color: #333399\">\u00a0<\/span><\/h3>\n<p>\u00a0<a href=\"https:\/\/consejosocial.umh.es\/files\/2009\/12\/reglamento-organizacion-y-funcionamiento-del-consejo-social.pdf\"><\/a><\/p>","protected":false},"excerpt":{"rendered":"<p>*Ley *Org\u00e1nica de *Universidades 6\/2001 modificado miedo la *Ley *Org\u00e1nica de *Universidades 4\/2007.<br \/>\n*Ley 2\/2003 de *Consejos *Sociales de *las *Universidades *P\u00fablicas *Valencianas modificada miedo la *Ley 16\/2008 de *medidas *Fiscales, de *Gesti\u00f3n Administrativa *y *Financiera, *y de *Organizaci\u00f3n de la Generalitat.<br \/>\nReglamento Consejo Social *UMH.<br \/>\nEstatutos *UMH.<\/p>\n<p>Aquest text ha sigut tradu\u00eft utilitzant un motor de traducci\u00f3 autom\u00e0tica.<br \/>\n\u00a0<br \/>\n\u00a0<\/p>\n","protected":false},"author":1,"featured_media":0,"parent":0,"menu_order":20,"comment_status":"closed","ping_status":"closed","template":"","meta":{"ngg_post_thumbnail":0,"_links_to":"","_links_to_target":""},"_links":{"self":[{"href":"https:\/\/consejosocial.umh.es\/ca\/wp-json\/wp\/v2\/pages\/7"}],"collection":[{"href":"https:\/\/consejosocial.umh.es\/ca\/wp-json\/wp\/v2\/pages"}],"about":[{"href":"https:\/\/consejosocial.umh.es\/ca\/wp-json\/wp\/v2\/types\/page"}],"author":[{"embeddable":true,"href":"https:\/\/consejosocial.umh.es\/ca\/wp-json\/wp\/v2\/users\/1"}],"replies":[{"embeddable":true,"href":"https:\/\/consejosocial.umh.es\/ca\/wp-json\/wp\/v2\/comments?post=7"}],"version-history":[{"count":0,"href":"https:\/\/consejosocial.umh.es\/ca\/wp-json\/wp\/v2\/pages\/7\/revisions"}],"wp:attachment":[{"href":"https:\/\/consejosocial.umh.es\/ca\/wp-json\/wp\/v2\/media?parent=7"}],"curies":[{"name":"wp","href":"https:\/\/api.w.org\/{rel}","templated":true}]}}