{"id":369,"date":"2014-03-07T08:40:30","date_gmt":"2014-03-07T07:40:30","guid":{"rendered":"http:\/\/consejosocial.umh.es\/?page_id=369"},"modified":"2022-09-06T12:53:25","modified_gmt":"2022-09-06T10:53:25","slug":"premiados-ix-edicion","status":"publish","type":"page","link":"https:\/\/consejosocial.umh.es\/ca\/premios-consejo-social\/premiados-ix-edicion\/","title":{"rendered":"<span lang=\"es\">(Espa\u00f1ol) Premiados IX Edici\u00f3n<\/span>"},"content":{"rendered":"<p><span style=\"text-decoration: underline\">EMPRESAS E INSTITUCIONES: <\/span><\/p>\n<p>\u00a0Grupo Huerto del Cura<\/p>\n<p><span style=\"text-decoration: underline\">INVESTIGACI\u00d3N<\/span><\/p>\n<p>\u00a0GRUPOS DE INVESTIGACI\u00d3N: Grupo Mol\u00e9culas Bioactivas, dirigido por el Prof. Dr. Gregorio Joaqu\u00edn Fern\u00e1ndez Ballester<\/p>\n<p>\u00a0J\u00d3VENES INVESTIGADORES: Prof. Dr. Jos\u00e9 Luis Carballo Crespo<\/p>\n<p><span style=\"text-decoration: underline\">ESTUDIANTES<\/span><\/p>\n<p>\u00a0D\u00aa. Mar\u00eda Cristina Pastor Valc\u00e1rcel<\/p>\n<p>\u00a0D\u00aa. Cristina Santamar\u00eda Meli\u00e1<\/p>\n<p>\u00a0D. Javier Ferrer Aracil<\/p>\n<p><span style=\"text-decoration: underline\">EXCELENCIA DOCENTE<\/span><\/p>\n<p>\u00a0Prof. Dr. Jos\u00e9 Antonio P\u00e9rez Juan<\/p>\n<p>\u00a0Profa. Dra. Esther Caparr\u00f3s Cayuela<\/p>\n<p><span style=\"text-decoration: underline\">ACCIONES DE INNOVACI\u00d3N EN LA GESTI\u00d3N<\/span><\/p>\n<p>\u00a0Servicio de Innovaci\u00f3n y Apoyo T\u00e9cnico a la Docencia e Investigaci\u00f3n<\/p>\n<p>\u00a0Oficina de Comunicaci\u00f3n, Marketing y Prensa<\/p>\n<p>E<span style=\"text-decoration: underline\">NTIDAD SIN \u00c1NIMO DE LUCRO<\/span><\/p>\n<p>\u00a0Cruz Roja Espa\u00f1ola Provincial de Alicante<\/p>\n<p><span style=\"text-decoration: underline\">MEJOR DEPORTISTA UNIVERSITARIO<\/span><\/p>\n<p>\u00a0Equipo de B\u00e1dminton de la UMH<\/p>\n<p>\u00a0Premio Honor\u00edfico: Elche C.F.<\/p>\n<p><span style=\"text-decoration: underline\">RELEVANCIA SOCIAL<\/span><\/p>\n<p>\u00a0D. Rafael Bernab\u00e9u Moya<\/p>\n<p><span style=\"text-decoration: underline\">C\u00c1TEDRAS UMH<\/span><\/p>\n<p>\u00a0C\u00c1TEDRAS DE EMPRESA Y MECENAZGO: C\u00e1tedra de Neurobiolog\u00eda \u201cRemedios Caro Almela\u201d<\/p>\n<p>\u00a0C\u00c1TEDRAS INSTITUCIONALES UMH:<\/p>\n<p>\u00a0\u00a0\u00a0 &#8211;\u00a0\u00a0\u00a0C\u00c1TEDRA MIGUEL HERN\u00c1NDEZ: D. Juan Cano Ballesta<\/p>\n<p>\u00a0\u00a0\u00a0\u00a0&#8211;\u00a0\u00a0 C\u00c1TEDRA PEDRO IBARRA: D. Jos\u00e9 Antonio Carrasco Pacheco<\/p>\n<p>\u00a0\u00a0 \u00a0&#8211;\u00a0\u00a0 C\u00c1TEDRA MISTERI D\u2019ELX: D. Joan Casta\u00f1o Garc\u00eda<\/p>\n<p>\u00a0\u00a0\u00a0\u00a0&#8211;\u00a0\u00a0 C\u00c1TEDRA EL PALMERAL D\u2019ELX: D. Alfredo Ahumada P\u00e9rez<\/p>","protected":false},"excerpt":{"rendered":"<p>EMPRESAS E INSTITUCIONES:<br \/>\n\u00a0Grupo Huerto del Cura<br \/>\nINVESTIGACI\u00d3N<br \/>\n\u00a0GRUPOS DE INVESTIGACI\u00d3N: Grupo Mol\u00e9culas Bioactivas, dirigido por el Prof. Dr. Gregorio Joaqu\u00edn Fern\u00e1ndez Ballester<br \/>\n\u00a0J\u00d3VENES INVESTIGADORES: Prof. Dr. Jos\u00e9 Luis Carballo Crespo<br \/>\nESTUDIANTES<br \/>\n\u00a0D\u00aa. Mar\u00eda Cristina Pastor Valc\u00e1rcel<br \/>\n\u00a0D\u00aa. Cristina Santamar\u00eda Meli\u00e1<br \/>\n\u00a0D. Javier Ferrer Aracil<br \/>\nEXCELENCIA DOCENTE<br \/>\n\u00a0Prof. Dr. Jos\u00e9 Antonio P\u00e9rez Juan<br \/>\n\u00a0Profa. Dra. Esther Caparr\u00f3s Cayuela<br \/>\nACCIONES DE INNOVACI\u00d3N EN LA GESTI\u00d3N<br \/>\n\u00a0Servicio de Innovaci\u00f3n [&#8230;]<\/p>\n","protected":false},"author":321,"featured_media":0,"parent":62,"menu_order":90,"comment_status":"closed","ping_status":"open","template":"","meta":{"ngg_post_thumbnail":0,"_links_to":"","_links_to_target":""},"_links":{"self":[{"href":"https:\/\/consejosocial.umh.es\/ca\/wp-json\/wp\/v2\/pages\/369"}],"collection":[{"href":"https:\/\/consejosocial.umh.es\/ca\/wp-json\/wp\/v2\/pages"}],"about":[{"href":"https:\/\/consejosocial.umh.es\/ca\/wp-json\/wp\/v2\/types\/page"}],"author":[{"embeddable":true,"href":"https:\/\/consejosocial.umh.es\/ca\/wp-json\/wp\/v2\/users\/321"}],"replies":[{"embeddable":true,"href":"https:\/\/consejosocial.umh.es\/ca\/wp-json\/wp\/v2\/comments?post=369"}],"version-history":[{"count":0,"href":"https:\/\/consejosocial.umh.es\/ca\/wp-json\/wp\/v2\/pages\/369\/revisions"}],"up":[{"embeddable":true,"href":"https:\/\/consejosocial.umh.es\/ca\/wp-json\/wp\/v2\/pages\/62"}],"wp:attachment":[{"href":"https:\/\/consejosocial.umh.es\/ca\/wp-json\/wp\/v2\/media?parent=369"}],"curies":[{"name":"wp","href":"https:\/\/api.w.org\/{rel}","templated":true}]}}