{"id":162,"date":"2011-02-04T11:06:48","date_gmt":"2011-02-04T10:06:48","guid":{"rendered":"http:\/\/consejosocial.zeus.umh.es\/?page_id=162"},"modified":"2011-02-04T11:06:48","modified_gmt":"2011-02-04T10:06:48","slug":"premiados-vi-edicion","status":"publish","type":"page","link":"https:\/\/consejosocial.umh.es\/ca\/premios-consejo-social\/premiados-vi-edicion\/","title":{"rendered":"Premiados VI Edici\u00f3n"},"content":{"rendered":"<p><strong>PREMIO A EMPRESAS E INSTITUCIONES<\/strong><\/p>\n<p>MUSTANG<\/p>\n<p><strong>PREMIO A LA\u00a0INVESTIGACI\u00d3N<\/strong><\/p>\n<p><strong>a) GRUPOS DE INVESTIGACI\u00d3N<\/strong><\/p>\n<p>Grupo&#8221;Creaci\u00f3n, Direcci\u00f3n y Gestion de Empresas&#8221; dirigido por Jos\u00e9 Mar\u00eda G\u00f3mez Gras.<\/p>\n<p>Grupo&#8221;Neurobiolog\u00eda Ocular&#8221;dirigido por Juana Gallar Mart\u00ednez.<\/p>\n<p>Grupo&#8221;Edafolog\u00eda Ambiental&#8221; dirigido por Jorge Juan Mataix Beneyto.<\/p>\n<p>Grupo&#8221;Biodiversidad Agr\u00edcola y Mejora Gen\u00e9tica de Variedades&#8221; dirigido por Juan Jos\u00e9 Ruiz Martinez.<\/p>\n<p><strong>b) J\u00d3VENES INVESTIGADORES<\/strong><\/p>\n<p>Profa. Dra. Mireia Orgiles Amor\u00f3s.<\/p>\n<p><strong>PREMIO A ESTUDIANTES<\/strong><\/p>\n<p>D\u00f1a. Mar\u00eda de los \u00c1ngeles Fern\u00e1ndez Amor\u00f3s.<\/p>\n<p>D. Mariano Las Heras Yubero.<\/p>\n<p>D\u00f1a.Damaris N\u00fa\u00f1ez G\u00f3mez.<\/p>\n<p><strong><\/strong><\/p>\n<p><strong>PREMIO A EXCELENCIA DOCENTE<\/strong><\/p>\n<p>Prof. D. Joaqu\u00edn Ib\u00e1\u00f1ez Ballesteros.<\/p>\n<p>Profa. D\u00f1a. Eva M\u00aa Polo Arevalo.<\/p>\n<p><strong>PREMIO A ENTIDAD SIN \u00c1NIMO DE LUCRO<\/strong><\/p>\n<p>Asociaci\u00f3n Pro-Discapacitados Ps\u00edquicos\u00a0de Alicante (APSA).<\/p>\n<p><strong>PREMIO ACCIONES DE INNOVACI\u00d3N EN LA GESTI\u00d3N <\/strong><\/p>\n<p>D. Domingo Galiana Lapera, Observatorio Ocupacional de la UMH.<\/p>\n<p><strong>PREMIO A MEJOR DEPORTISTA UNIVERSITARIO<\/strong><\/p>\n<p>D\u00f1a. F\u00e1tima Ribot Sitj\u00e0.<\/p>\n<p><strong>PREMIO RELEVANCIA SOCIAL<\/strong><\/p>\n<p>D. Jes\u00fas Rodriguez Mar\u00edn.<\/p>\n","protected":false},"excerpt":{"rendered":"<p>PREMIO A EMPRESAS E INSTITUCIONES<br \/>\nMUSTANG<br \/>\nPREMIO A LA\u00a0INVESTIGACI\u00d3N<br \/>\na) GRUPOS DE INVESTIGACI\u00d3N<br \/>\nGrupo&#8221;Creaci\u00f3n, Direcci\u00f3n y Gestion de Empresas&#8221; dirigido por Jos\u00e9 Mar\u00eda G\u00f3mez Gras.<br \/>\nGrupo&#8221;Neurobiolog\u00eda Ocular&#8221;dirigido por Juana Gallar Mart\u00ednez.<br \/>\nGrupo&#8221;Edafolog\u00eda Ambiental&#8221; dirigido por Jorge Juan Mataix Beneyto.<br \/>\nGrupo&#8221;Biodiversidad Agr\u00edcola y Mejora Gen\u00e9tica de Variedades&#8221; dirigido por Juan Jos\u00e9 Ruiz Martinez.<br \/>\nb) J\u00d3VENES INVESTIGADORES<br \/>\nProfa. Dra. Mireia Orgiles Amor\u00f3s.<br \/>\nPREMIO A ESTUDIANTES<br \/>\nD\u00f1a. Mar\u00eda de [&#8230;]<\/p>\n","protected":false},"author":1,"featured_media":0,"parent":62,"menu_order":60,"comment_status":"closed","ping_status":"closed","template":"","meta":{"ngg_post_thumbnail":0,"_links_to":"","_links_to_target":""},"_links":{"self":[{"href":"https:\/\/consejosocial.umh.es\/ca\/wp-json\/wp\/v2\/pages\/162"}],"collection":[{"href":"https:\/\/consejosocial.umh.es\/ca\/wp-json\/wp\/v2\/pages"}],"about":[{"href":"https:\/\/consejosocial.umh.es\/ca\/wp-json\/wp\/v2\/types\/page"}],"author":[{"embeddable":true,"href":"https:\/\/consejosocial.umh.es\/ca\/wp-json\/wp\/v2\/users\/1"}],"replies":[{"embeddable":true,"href":"https:\/\/consejosocial.umh.es\/ca\/wp-json\/wp\/v2\/comments?post=162"}],"version-history":[{"count":0,"href":"https:\/\/consejosocial.umh.es\/ca\/wp-json\/wp\/v2\/pages\/162\/revisions"}],"up":[{"embeddable":true,"href":"https:\/\/consejosocial.umh.es\/ca\/wp-json\/wp\/v2\/pages\/62"}],"wp:attachment":[{"href":"https:\/\/consejosocial.umh.es\/ca\/wp-json\/wp\/v2\/media?parent=162"}],"curies":[{"name":"wp","href":"https:\/\/api.w.org\/{rel}","templated":true}]}}