{"id":114,"date":"2010-03-24T10:44:48","date_gmt":"2010-03-24T09:44:48","guid":{"rendered":"http:\/\/consejosocial.zeus.umh.es\/?page_id=114"},"modified":"2010-03-24T10:44:48","modified_gmt":"2010-03-24T09:44:48","slug":"premiados-iv-edicion","status":"publish","type":"page","link":"https:\/\/consejosocial.umh.es\/ca\/premios-consejo-social\/premiados-iv-edicion\/","title":{"rendered":"Premiados IV Edici\u00f3n"},"content":{"rendered":"<p style=\"text-align: justify\"><strong>PREMIO A EMPRESAS E INSTITUCIONES<\/strong><\/p>\n<p style=\"text-align: justify\">GRUPO MARJAL.<\/p>\n<p style=\"text-align: justify\"><strong>PREMIO\u00a0 A LA INVESTIGACI\u00d3N<\/strong><\/p>\n<p style=\"text-align: justify\"><strong>A)\u00a0PREMIO GRUPOS DE INVESTIGACI\u00d3N<\/strong><\/p>\n<p style=\"text-align: justify\">AL GRUPO DEL INSTITUTO DE BIOINGENIER\u00cdA FORMADO POR LOS PROFESORES:<\/p>\n<p style=\"text-align: justify\">\uf076\u00a0D. EUGENIO VILANOVA GISBERT<br \/>\n\uf076\u00a0D. JAVIER ESTEBAN MOZO<br \/>\n\uf076\u00a0D\u00d1A. M\u00aa ENCARNACI\u00d3N QUESADA PAREDES<br \/>\n\uf076\u00a0D. MIGUEL \u00c1NGEL SOGORB S\u00c1NCHEZ<br \/>\n\uf076\u00a0D\u00d1A. CARMEN ESTEVAN MART\u00cdNEZ<br \/>\n\uf076\u00a0D. JORGE EST\u00c9VEZ DOMENECH<\/p>\n<p style=\"text-align: justify\">T\u00cdTULO DEL PROYECTO: \u201cEVALUACI\u00d3N DEL RIESGO DE LAS SUSTANCIAS BIOCIDAS ADJUDICADAS A ESPA\u00d1A EN EL REGLAMENTO (CE) N\u00ba 1048\/2005 DE LA COMISI\u00d3N EUROPEA\u201d<\/p>\n<p style=\"text-align: justify\"><strong>B)\u00a0PREMIO A J\u00d3VENES INVESTIGADORES<\/strong><\/p>\n<p style=\"text-align: justify\">D. ARTURO GIL APARICIO<\/p>\n<p style=\"text-align: justify\">T\u00cdTULO DE LA PROPUESTA DE INVESTIGACI\u00d3N: \u201cCONSTRUCCI\u00d3N DE MAPAS VISUALES POR PARTE DE ROBOTS COOPERATIVOS\u201d<\/p>\n<p style=\"text-align: justify\"><strong>PREMIO A ESTUDIANTES<\/strong>\u00a0<\/p>\n<p style=\"text-align: justify\">D. JOS\u00c9 S\u00c1NCHEZ SEGOVIA, LICENCIADO EN BELLAS ARTES.<\/p>\n<p style=\"text-align: justify\">D. CRISTIAN FERN\u00c1NDEZ MART\u00cdNEZ, LICENCIADO EN MEDICINA.<\/p>\n<p style=\"text-align: justify\">D\u00aa\u00a0 MAR\u00cdA ASUNCI\u00d3N FUERTE SEGURA, LICENCIADA EN MEDICINA.<\/p>\n<p style=\"text-align: justify\"><strong>PREMIO A LA INNOVACI\u00d3N EN LA DOCENCIA<\/strong><\/p>\n<p style=\"text-align: justify\">D. ANTONIO MIGUEL NOGU\u00c9S PEDREGAL.<\/p>\n<p style=\"text-align: justify\">T\u00cdTULO DE LA PROPUESTA: \u201cDESARROLLO DE UNA WEB INTERACTIVA SOBRE ANTROPOLOG\u00cdA SOCIAL Y CULTURAL\u201d.<\/p>\n<p style=\"text-align: justify\"><strong>PREMIO A LA INNOVACI\u00d3N EN LA GESTI\u00d3N<\/strong><\/p>\n<p style=\"text-align: justify\">SERVICIOS INFORM\u00c1TICOS DE LA UNIVERSIDAD MIGUEL HERN\u00c1NDEZ DE ELCHE.<\/p>\n<p style=\"text-align: justify\">T\u00cdTULO DE LA PROPUESTA: \u201cAPLICACI\u00d3N INFORM\u00c1TICA PARA UN SISTEMA INTEGRADO DE GESTI\u00d3N DE LOS \u00d3RGANOS DE GOBIERNO DE LA UNIVERSIDAD MIGUEL HERN\u00c1NDEZ DE ELCHE\u201d.<\/p>\n<p style=\"text-align: justify\"><strong>PREMIO A ENTIDADES SIN \u00c1NIMO DE LUCRO<\/strong><\/p>\n<p style=\"text-align: justify\">FUNDACI\u00d3N VICENTE FERRER.<\/p>\n<p style=\"text-align: justify\"><strong>PREMIO PROGRAMA DE FORMACI\u00d3N A LA CARTA<\/strong><\/p>\n<p style=\"text-align: justify\">\u201cSANIDAD EN EL VI\u00d1EDO\u201d. CUYA COORDINADORA ES D\u00d1A. ANA M\u00ba ORTEGA GEA DEL AREA DE PRODUCCI\u00d3N VEGETAL, DEL DEPARTAMENTO DE PRODUCCI\u00d3N VEGETAL Y MICROBIOLOG\u00cdA.&#8221;<\/p>\n<p style=\"text-align: justify\">\u00a0<\/p>\n<h3 style=\"text-align: justify\">Fotos del acto de entrega de la IV Edici\u00f3n de los Premios del Consejo Social.<\/h3>\n<p style=\"text-align: justify\"><!-- index.php -->\n<div\n\tclass=\"ngg-galleryoverview ngg-ajax-pagination-none\"\n\tid=\"ngg-gallery-bc61522b506c981f6eb94e08cceb398c-1\">\n\n    \t<div class=\"slideshowlink\">\n        <a href='https:\/\/consejosocial.umh.es\/ca\/premios-consejo-social\/premiados-iv-edicion\/nggallery\/slideshow'>[Mostrar como pase de diapositivas]<\/a>\n\t\t\n\t<\/div>\n\t\t\t<!-- Thumbnails -->\n\t\t\t\t<div id=\"ngg-image-0\" class=\"ngg-gallery-thumbnail-box\" >\n\t\t\t\t        <div class=\"ngg-gallery-thumbnail\">\n            <a href=\"https:\/\/consejosocial.umh.es\/wp-content\/blogs.dir\/113\/files\/galerias\/fotos-iv-edicion-premios-consejo-social\/_MG_3170.jpg\"\n               title=\"\"\n               data-src=\"https:\/\/consejosocial.umh.es\/wp-content\/blogs.dir\/113\/files\/galerias\/fotos-iv-edicion-premios-consejo-social\/_MG_3170.jpg\"\n               data-thumbnail=\"https:\/\/consejosocial.umh.es\/wp-content\/blogs.dir\/113\/files\/galerias\/fotos-iv-edicion-premios-consejo-social\/thumbs\/thumbs__MG_3170.jpg\"\n               data-image-id=\"23\"\n               data-title=\"_MG_3170.jpg\"\n               data-description=\"\"\n               data-image-slug=\"_mg_3170-jpg\"\n               class=\"shutterset_bc61522b506c981f6eb94e08cceb398c\">\n                <img\n                    title=\"_MG_3170.jpg\"\n                    alt=\"_MG_3170.jpg\"\n                    src=\"https:\/\/consejosocial.umh.es\/wp-content\/blogs.dir\/113\/files\/galerias\/fotos-iv-edicion-premios-consejo-social\/thumbs\/thumbs__MG_3170.jpg\"\n                    width=\"100\"\n                    height=\"75\"\n                    style=\"max-width:100%;\"\n                \/>\n            <\/a>\n        <\/div>\n\t\t\t\t\t\t\t<\/div> \n\t\t\t\n        \n\t\t\t\t<div id=\"ngg-image-1\" class=\"ngg-gallery-thumbnail-box\" >\n\t\t\t\t        <div class=\"ngg-gallery-thumbnail\">\n            <a href=\"https:\/\/consejosocial.umh.es\/wp-content\/blogs.dir\/113\/files\/galerias\/fotos-iv-edicion-premios-consejo-social\/_mg_2917.jpg\"\n               title=\"\"\n               data-src=\"https:\/\/consejosocial.umh.es\/wp-content\/blogs.dir\/113\/files\/galerias\/fotos-iv-edicion-premios-consejo-social\/_mg_2917.jpg\"\n               data-thumbnail=\"https:\/\/consejosocial.umh.es\/wp-content\/blogs.dir\/113\/files\/galerias\/fotos-iv-edicion-premios-consejo-social\/thumbs\/thumbs__mg_2917.jpg\"\n               data-image-id=\"24\"\n               data-title=\"_mg_2917.jpg\"\n               data-description=\"\"\n               data-image-slug=\"_mg_2917-jpg\"\n               class=\"shutterset_bc61522b506c981f6eb94e08cceb398c\">\n                <img\n                    title=\"_mg_2917.jpg\"\n                    alt=\"_mg_2917.jpg\"\n                    src=\"https:\/\/consejosocial.umh.es\/wp-content\/blogs.dir\/113\/files\/galerias\/fotos-iv-edicion-premios-consejo-social\/thumbs\/thumbs__mg_2917.jpg\"\n                    width=\"100\"\n                    height=\"75\"\n                    style=\"max-width:100%;\"\n                \/>\n            <\/a>\n        <\/div>\n\t\t\t\t\t\t\t<\/div> \n\t\t\t\n        \n\t\t\t\t<div id=\"ngg-image-2\" class=\"ngg-gallery-thumbnail-box\" >\n\t\t\t\t        <div class=\"ngg-gallery-thumbnail\">\n            <a href=\"https:\/\/consejosocial.umh.es\/wp-content\/blogs.dir\/113\/files\/galerias\/fotos-iv-edicion-premios-consejo-social\/_mg_2936.jpg\"\n               title=\"\"\n               data-src=\"https:\/\/consejosocial.umh.es\/wp-content\/blogs.dir\/113\/files\/galerias\/fotos-iv-edicion-premios-consejo-social\/_mg_2936.jpg\"\n               data-thumbnail=\"https:\/\/consejosocial.umh.es\/wp-content\/blogs.dir\/113\/files\/galerias\/fotos-iv-edicion-premios-consejo-social\/thumbs\/thumbs__mg_2936.jpg\"\n               data-image-id=\"25\"\n               data-title=\"_mg_2936.jpg\"\n               data-description=\"\"\n               data-image-slug=\"_mg_2936-jpg\"\n               class=\"shutterset_bc61522b506c981f6eb94e08cceb398c\">\n                <img\n                    title=\"_mg_2936.jpg\"\n                    alt=\"_mg_2936.jpg\"\n                    src=\"https:\/\/consejosocial.umh.es\/wp-content\/blogs.dir\/113\/files\/galerias\/fotos-iv-edicion-premios-consejo-social\/thumbs\/thumbs__mg_2936.jpg\"\n                    width=\"100\"\n                    height=\"75\"\n                    style=\"max-width:100%;\"\n                \/>\n            <\/a>\n        <\/div>\n\t\t\t\t\t\t\t<\/div> \n\t\t\t\n        \n\t\t\t\t<div id=\"ngg-image-3\" class=\"ngg-gallery-thumbnail-box\" >\n\t\t\t\t        <div class=\"ngg-gallery-thumbnail\">\n            <a href=\"https:\/\/consejosocial.umh.es\/wp-content\/blogs.dir\/113\/files\/galerias\/fotos-iv-edicion-premios-consejo-social\/_mg_3012_1.jpg\"\n               title=\"\"\n               data-src=\"https:\/\/consejosocial.umh.es\/wp-content\/blogs.dir\/113\/files\/galerias\/fotos-iv-edicion-premios-consejo-social\/_mg_3012_1.jpg\"\n               data-thumbnail=\"https:\/\/consejosocial.umh.es\/wp-content\/blogs.dir\/113\/files\/galerias\/fotos-iv-edicion-premios-consejo-social\/thumbs\/thumbs__mg_3012_1.jpg\"\n               data-image-id=\"26\"\n               data-title=\"_mg_3012_1.jpg\"\n               data-description=\"\"\n               data-image-slug=\"_mg_3012_1-jpg\"\n               class=\"shutterset_bc61522b506c981f6eb94e08cceb398c\">\n                <img\n                    title=\"_mg_3012_1.jpg\"\n                    alt=\"_mg_3012_1.jpg\"\n                    src=\"https:\/\/consejosocial.umh.es\/wp-content\/blogs.dir\/113\/files\/galerias\/fotos-iv-edicion-premios-consejo-social\/thumbs\/thumbs__mg_3012_1.jpg\"\n                    width=\"100\"\n                    height=\"75\"\n                    style=\"max-width:100%;\"\n                \/>\n            <\/a>\n        <\/div>\n\t\t\t\t\t\t\t<\/div> \n\t\t\t\n        \n\t\t\t\t<div id=\"ngg-image-4\" class=\"ngg-gallery-thumbnail-box\" >\n\t\t\t\t        <div class=\"ngg-gallery-thumbnail\">\n            <a href=\"https:\/\/consejosocial.umh.es\/wp-content\/blogs.dir\/113\/files\/galerias\/fotos-iv-edicion-premios-consejo-social\/_mg_3021_1.jpg\"\n               title=\"\"\n               data-src=\"https:\/\/consejosocial.umh.es\/wp-content\/blogs.dir\/113\/files\/galerias\/fotos-iv-edicion-premios-consejo-social\/_mg_3021_1.jpg\"\n               data-thumbnail=\"https:\/\/consejosocial.umh.es\/wp-content\/blogs.dir\/113\/files\/galerias\/fotos-iv-edicion-premios-consejo-social\/thumbs\/thumbs__mg_3021_1.jpg\"\n               data-image-id=\"27\"\n               data-title=\"_mg_3021_1.jpg\"\n               data-description=\"\"\n               data-image-slug=\"_mg_3021_1-jpg\"\n               class=\"shutterset_bc61522b506c981f6eb94e08cceb398c\">\n                <img\n                    title=\"_mg_3021_1.jpg\"\n                    alt=\"_mg_3021_1.jpg\"\n                    src=\"https:\/\/consejosocial.umh.es\/wp-content\/blogs.dir\/113\/files\/galerias\/fotos-iv-edicion-premios-consejo-social\/thumbs\/thumbs__mg_3021_1.jpg\"\n                    width=\"100\"\n                    height=\"75\"\n                    style=\"max-width:100%;\"\n                \/>\n            <\/a>\n        <\/div>\n\t\t\t\t\t\t\t<\/div> \n\t\t\t\n        \n\t\t\t\t<div id=\"ngg-image-5\" class=\"ngg-gallery-thumbnail-box\" >\n\t\t\t\t        <div class=\"ngg-gallery-thumbnail\">\n            <a href=\"https:\/\/consejosocial.umh.es\/wp-content\/blogs.dir\/113\/files\/galerias\/fotos-iv-edicion-premios-consejo-social\/_mg_3024_1.jpg\"\n               title=\"\"\n               data-src=\"https:\/\/consejosocial.umh.es\/wp-content\/blogs.dir\/113\/files\/galerias\/fotos-iv-edicion-premios-consejo-social\/_mg_3024_1.jpg\"\n               data-thumbnail=\"https:\/\/consejosocial.umh.es\/wp-content\/blogs.dir\/113\/files\/galerias\/fotos-iv-edicion-premios-consejo-social\/thumbs\/thumbs__mg_3024_1.jpg\"\n               data-image-id=\"28\"\n               data-title=\"_mg_3024_1.jpg\"\n               data-description=\"\"\n               data-image-slug=\"_mg_3024_1-jpg\"\n               class=\"shutterset_bc61522b506c981f6eb94e08cceb398c\">\n                <img\n                    title=\"_mg_3024_1.jpg\"\n                    alt=\"_mg_3024_1.jpg\"\n                    src=\"https:\/\/consejosocial.umh.es\/wp-content\/blogs.dir\/113\/files\/galerias\/fotos-iv-edicion-premios-consejo-social\/thumbs\/thumbs__mg_3024_1.jpg\"\n                    width=\"100\"\n                    height=\"75\"\n                    style=\"max-width:100%;\"\n                \/>\n            <\/a>\n        <\/div>\n\t\t\t\t\t\t\t<\/div> \n\t\t\t\n        \n\t\t\t\t<div id=\"ngg-image-6\" class=\"ngg-gallery-thumbnail-box\" >\n\t\t\t\t        <div class=\"ngg-gallery-thumbnail\">\n            <a href=\"https:\/\/consejosocial.umh.es\/wp-content\/blogs.dir\/113\/files\/galerias\/fotos-iv-edicion-premios-consejo-social\/_mg_3040_1.jpg\"\n               title=\"\"\n               data-src=\"https:\/\/consejosocial.umh.es\/wp-content\/blogs.dir\/113\/files\/galerias\/fotos-iv-edicion-premios-consejo-social\/_mg_3040_1.jpg\"\n               data-thumbnail=\"https:\/\/consejosocial.umh.es\/wp-content\/blogs.dir\/113\/files\/galerias\/fotos-iv-edicion-premios-consejo-social\/thumbs\/thumbs__mg_3040_1.jpg\"\n               data-image-id=\"29\"\n               data-title=\"_mg_3040_1.jpg\"\n               data-description=\"\"\n               data-image-slug=\"_mg_3040_1-jpg\"\n               class=\"shutterset_bc61522b506c981f6eb94e08cceb398c\">\n                <img\n                    title=\"_mg_3040_1.jpg\"\n                    alt=\"_mg_3040_1.jpg\"\n                    src=\"https:\/\/consejosocial.umh.es\/wp-content\/blogs.dir\/113\/files\/galerias\/fotos-iv-edicion-premios-consejo-social\/thumbs\/thumbs__mg_3040_1.jpg\"\n                    width=\"100\"\n                    height=\"75\"\n                    style=\"max-width:100%;\"\n                \/>\n            <\/a>\n        <\/div>\n\t\t\t\t\t\t\t<\/div> \n\t\t\t\n        \n\t\t\t\t<div id=\"ngg-image-7\" class=\"ngg-gallery-thumbnail-box\" >\n\t\t\t\t        <div class=\"ngg-gallery-thumbnail\">\n            <a href=\"https:\/\/consejosocial.umh.es\/wp-content\/blogs.dir\/113\/files\/galerias\/fotos-iv-edicion-premios-consejo-social\/_mg_3053.jpg\"\n               title=\"\"\n               data-src=\"https:\/\/consejosocial.umh.es\/wp-content\/blogs.dir\/113\/files\/galerias\/fotos-iv-edicion-premios-consejo-social\/_mg_3053.jpg\"\n               data-thumbnail=\"https:\/\/consejosocial.umh.es\/wp-content\/blogs.dir\/113\/files\/galerias\/fotos-iv-edicion-premios-consejo-social\/thumbs\/thumbs__mg_3053.jpg\"\n               data-image-id=\"30\"\n               data-title=\"_mg_3053.jpg\"\n               data-description=\"\"\n               data-image-slug=\"_mg_3053-jpg\"\n               class=\"shutterset_bc61522b506c981f6eb94e08cceb398c\">\n                <img\n                    title=\"_mg_3053.jpg\"\n                    alt=\"_mg_3053.jpg\"\n                    src=\"https:\/\/consejosocial.umh.es\/wp-content\/blogs.dir\/113\/files\/galerias\/fotos-iv-edicion-premios-consejo-social\/thumbs\/thumbs__mg_3053.jpg\"\n                    width=\"100\"\n                    height=\"75\"\n                    style=\"max-width:100%;\"\n                \/>\n            <\/a>\n        <\/div>\n\t\t\t\t\t\t\t<\/div> \n\t\t\t\n        \n\t\t\t\t<div id=\"ngg-image-8\" class=\"ngg-gallery-thumbnail-box\" >\n\t\t\t\t        <div class=\"ngg-gallery-thumbnail\">\n            <a href=\"https:\/\/consejosocial.umh.es\/wp-content\/blogs.dir\/113\/files\/galerias\/fotos-iv-edicion-premios-consejo-social\/_mg_3055.jpg\"\n               title=\"\"\n               data-src=\"https:\/\/consejosocial.umh.es\/wp-content\/blogs.dir\/113\/files\/galerias\/fotos-iv-edicion-premios-consejo-social\/_mg_3055.jpg\"\n               data-thumbnail=\"https:\/\/consejosocial.umh.es\/wp-content\/blogs.dir\/113\/files\/galerias\/fotos-iv-edicion-premios-consejo-social\/thumbs\/thumbs__mg_3055.jpg\"\n               data-image-id=\"31\"\n               data-title=\"_mg_3055.jpg\"\n               data-description=\"\"\n               data-image-slug=\"_mg_3055-jpg\"\n               class=\"shutterset_bc61522b506c981f6eb94e08cceb398c\">\n                <img\n                    title=\"_mg_3055.jpg\"\n                    alt=\"_mg_3055.jpg\"\n                    src=\"https:\/\/consejosocial.umh.es\/wp-content\/blogs.dir\/113\/files\/galerias\/fotos-iv-edicion-premios-consejo-social\/thumbs\/thumbs__mg_3055.jpg\"\n                    width=\"100\"\n                    height=\"75\"\n                    style=\"max-width:100%;\"\n                \/>\n            <\/a>\n        <\/div>\n\t\t\t\t\t\t\t<\/div> \n\t\t\t\n        \n\t\t\t\t<div id=\"ngg-image-9\" class=\"ngg-gallery-thumbnail-box\" >\n\t\t\t\t        <div class=\"ngg-gallery-thumbnail\">\n            <a href=\"https:\/\/consejosocial.umh.es\/wp-content\/blogs.dir\/113\/files\/galerias\/fotos-iv-edicion-premios-consejo-social\/_mg_3075.jpg\"\n               title=\"\"\n               data-src=\"https:\/\/consejosocial.umh.es\/wp-content\/blogs.dir\/113\/files\/galerias\/fotos-iv-edicion-premios-consejo-social\/_mg_3075.jpg\"\n               data-thumbnail=\"https:\/\/consejosocial.umh.es\/wp-content\/blogs.dir\/113\/files\/galerias\/fotos-iv-edicion-premios-consejo-social\/thumbs\/thumbs__mg_3075.jpg\"\n               data-image-id=\"32\"\n               data-title=\"_mg_3075.jpg\"\n               data-description=\"\"\n               data-image-slug=\"_mg_3075-jpg\"\n               class=\"shutterset_bc61522b506c981f6eb94e08cceb398c\">\n                <img\n                    title=\"_mg_3075.jpg\"\n                    alt=\"_mg_3075.jpg\"\n                    src=\"https:\/\/consejosocial.umh.es\/wp-content\/blogs.dir\/113\/files\/galerias\/fotos-iv-edicion-premios-consejo-social\/thumbs\/thumbs__mg_3075.jpg\"\n                    width=\"100\"\n                    height=\"75\"\n                    style=\"max-width:100%;\"\n                \/>\n            <\/a>\n        <\/div>\n\t\t\t\t\t\t\t<\/div> \n\t\t\t\n        \n\t\t\t\t<div id=\"ngg-image-10\" class=\"ngg-gallery-thumbnail-box\" >\n\t\t\t\t        <div class=\"ngg-gallery-thumbnail\">\n            <a href=\"https:\/\/consejosocial.umh.es\/wp-content\/blogs.dir\/113\/files\/galerias\/fotos-iv-edicion-premios-consejo-social\/_mg_3086.jpg\"\n               title=\"\"\n               data-src=\"https:\/\/consejosocial.umh.es\/wp-content\/blogs.dir\/113\/files\/galerias\/fotos-iv-edicion-premios-consejo-social\/_mg_3086.jpg\"\n               data-thumbnail=\"https:\/\/consejosocial.umh.es\/wp-content\/blogs.dir\/113\/files\/galerias\/fotos-iv-edicion-premios-consejo-social\/thumbs\/thumbs__mg_3086.jpg\"\n               data-image-id=\"33\"\n               data-title=\"_mg_3086.jpg\"\n               data-description=\"\"\n               data-image-slug=\"_mg_3086-jpg\"\n               class=\"shutterset_bc61522b506c981f6eb94e08cceb398c\">\n                <img\n                    title=\"_mg_3086.jpg\"\n                    alt=\"_mg_3086.jpg\"\n                    src=\"https:\/\/consejosocial.umh.es\/wp-content\/blogs.dir\/113\/files\/galerias\/fotos-iv-edicion-premios-consejo-social\/thumbs\/thumbs__mg_3086.jpg\"\n                    width=\"100\"\n                    height=\"75\"\n                    style=\"max-width:100%;\"\n                \/>\n            <\/a>\n        <\/div>\n\t\t\t\t\t\t\t<\/div> \n\t\t\t\n        \n\t\t\t\t<div id=\"ngg-image-11\" class=\"ngg-gallery-thumbnail-box\" >\n\t\t\t\t        <div class=\"ngg-gallery-thumbnail\">\n            <a href=\"https:\/\/consejosocial.umh.es\/wp-content\/blogs.dir\/113\/files\/galerias\/fotos-iv-edicion-premios-consejo-social\/_mg_3095.jpg\"\n               title=\"\"\n               data-src=\"https:\/\/consejosocial.umh.es\/wp-content\/blogs.dir\/113\/files\/galerias\/fotos-iv-edicion-premios-consejo-social\/_mg_3095.jpg\"\n               data-thumbnail=\"https:\/\/consejosocial.umh.es\/wp-content\/blogs.dir\/113\/files\/galerias\/fotos-iv-edicion-premios-consejo-social\/thumbs\/thumbs__mg_3095.jpg\"\n               data-image-id=\"34\"\n               data-title=\"_mg_3095.jpg\"\n               data-description=\"\"\n               data-image-slug=\"_mg_3095-jpg\"\n               class=\"shutterset_bc61522b506c981f6eb94e08cceb398c\">\n                <img\n                    title=\"_mg_3095.jpg\"\n                    alt=\"_mg_3095.jpg\"\n                    src=\"https:\/\/consejosocial.umh.es\/wp-content\/blogs.dir\/113\/files\/galerias\/fotos-iv-edicion-premios-consejo-social\/thumbs\/thumbs__mg_3095.jpg\"\n                    width=\"100\"\n                    height=\"75\"\n                    style=\"max-width:100%;\"\n                \/>\n            <\/a>\n        <\/div>\n\t\t\t\t\t\t\t<\/div> \n\t\t\t\n        \n\t\t\t\t<div id=\"ngg-image-12\" class=\"ngg-gallery-thumbnail-box\" >\n\t\t\t\t        <div class=\"ngg-gallery-thumbnail\">\n            <a href=\"https:\/\/consejosocial.umh.es\/wp-content\/blogs.dir\/113\/files\/galerias\/fotos-iv-edicion-premios-consejo-social\/_mg_3109_1.jpg\"\n               title=\"\"\n               data-src=\"https:\/\/consejosocial.umh.es\/wp-content\/blogs.dir\/113\/files\/galerias\/fotos-iv-edicion-premios-consejo-social\/_mg_3109_1.jpg\"\n               data-thumbnail=\"https:\/\/consejosocial.umh.es\/wp-content\/blogs.dir\/113\/files\/galerias\/fotos-iv-edicion-premios-consejo-social\/thumbs\/thumbs__mg_3109_1.jpg\"\n               data-image-id=\"35\"\n               data-title=\"_mg_3109_1.jpg\"\n               data-description=\"\"\n               data-image-slug=\"_mg_3109_1-jpg\"\n               class=\"shutterset_bc61522b506c981f6eb94e08cceb398c\">\n                <img\n                    title=\"_mg_3109_1.jpg\"\n                    alt=\"_mg_3109_1.jpg\"\n                    src=\"https:\/\/consejosocial.umh.es\/wp-content\/blogs.dir\/113\/files\/galerias\/fotos-iv-edicion-premios-consejo-social\/thumbs\/thumbs__mg_3109_1.jpg\"\n                    width=\"100\"\n                    height=\"75\"\n                    style=\"max-width:100%;\"\n                \/>\n            <\/a>\n        <\/div>\n\t\t\t\t\t\t\t<\/div> \n\t\t\t\n        \n\t\t\t\t<div id=\"ngg-image-13\" class=\"ngg-gallery-thumbnail-box\" >\n\t\t\t\t        <div class=\"ngg-gallery-thumbnail\">\n            <a href=\"https:\/\/consejosocial.umh.es\/wp-content\/blogs.dir\/113\/files\/galerias\/fotos-iv-edicion-premios-consejo-social\/_mg_3157.jpg\"\n               title=\"\"\n               data-src=\"https:\/\/consejosocial.umh.es\/wp-content\/blogs.dir\/113\/files\/galerias\/fotos-iv-edicion-premios-consejo-social\/_mg_3157.jpg\"\n               data-thumbnail=\"https:\/\/consejosocial.umh.es\/wp-content\/blogs.dir\/113\/files\/galerias\/fotos-iv-edicion-premios-consejo-social\/thumbs\/thumbs__mg_3157.jpg\"\n               data-image-id=\"36\"\n               data-title=\"_mg_3157.jpg\"\n               data-description=\"\"\n               data-image-slug=\"_mg_3157-jpg\"\n               class=\"shutterset_bc61522b506c981f6eb94e08cceb398c\">\n                <img\n                    title=\"_mg_3157.jpg\"\n                    alt=\"_mg_3157.jpg\"\n                    src=\"https:\/\/consejosocial.umh.es\/wp-content\/blogs.dir\/113\/files\/galerias\/fotos-iv-edicion-premios-consejo-social\/thumbs\/thumbs__mg_3157.jpg\"\n                    width=\"100\"\n                    height=\"75\"\n                    style=\"max-width:100%;\"\n                \/>\n            <\/a>\n        <\/div>\n\t\t\t\t\t\t\t<\/div> \n\t\t\t\n        \n\t\t\n\t\t<!-- Pagination -->\n\t<div class='ngg-clear'><\/div>\t<\/div>\n\n","protected":false},"excerpt":{"rendered":"<p>PREMIO A EMPRESAS E INSTITUCIONES<br \/>\nGRUPO MARJAL.<br \/>\nPREMIO\u00a0 A LA INVESTIGACI\u00d3N<br \/>\nA)\u00a0PREMIO GRUPOS DE INVESTIGACI\u00d3N<br \/>\nAL GRUPO DEL INSTITUTO DE BIOINGENIER\u00cdA FORMADO POR LOS PROFESORES:<br \/>\n\uf076\u00a0D. EUGENIO VILANOVA GISBERT<br \/>\n\uf076\u00a0D. JAVIER ESTEBAN MOZO<br \/>\n\uf076\u00a0D\u00d1A. M\u00aa ENCARNACI\u00d3N QUESADA PAREDES<br \/>\n\uf076\u00a0D. MIGUEL \u00c1NGEL SOGORB S\u00c1NCHEZ<br \/>\n\uf076\u00a0D\u00d1A. CARMEN ESTEVAN MART\u00cdNEZ<br \/>\n\uf076\u00a0D. JORGE EST\u00c9VEZ DOMENECH<br \/>\nT\u00cdTULO DEL PROYECTO: \u201cEVALUACI\u00d3N DEL RIESGO DE LAS SUSTANCIAS BIOCIDAS ADJUDICADAS A ESPA\u00d1A EN EL [&#8230;]<\/p>\n","protected":false},"author":1,"featured_media":0,"parent":62,"menu_order":40,"comment_status":"closed","ping_status":"closed","template":"","meta":{"ngg_post_thumbnail":0,"_links_to":"","_links_to_target":""},"_links":{"self":[{"href":"https:\/\/consejosocial.umh.es\/ca\/wp-json\/wp\/v2\/pages\/114"}],"collection":[{"href":"https:\/\/consejosocial.umh.es\/ca\/wp-json\/wp\/v2\/pages"}],"about":[{"href":"https:\/\/consejosocial.umh.es\/ca\/wp-json\/wp\/v2\/types\/page"}],"author":[{"embeddable":true,"href":"https:\/\/consejosocial.umh.es\/ca\/wp-json\/wp\/v2\/users\/1"}],"replies":[{"embeddable":true,"href":"https:\/\/consejosocial.umh.es\/ca\/wp-json\/wp\/v2\/comments?post=114"}],"version-history":[{"count":0,"href":"https:\/\/consejosocial.umh.es\/ca\/wp-json\/wp\/v2\/pages\/114\/revisions"}],"up":[{"embeddable":true,"href":"https:\/\/consejosocial.umh.es\/ca\/wp-json\/wp\/v2\/pages\/62"}],"wp:attachment":[{"href":"https:\/\/consejosocial.umh.es\/ca\/wp-json\/wp\/v2\/media?parent=114"}],"curies":[{"name":"wp","href":"https:\/\/api.w.org\/{rel}","templated":true}]}}