{"id":110,"date":"2010-03-24T10:09:07","date_gmt":"2010-03-24T09:09:07","guid":{"rendered":"http:\/\/consejosocial.zeus.umh.es\/?page_id=110"},"modified":"2013-04-16T14:45:00","modified_gmt":"2013-04-16T12:45:00","slug":"premiados-iii-edicion","status":"publish","type":"page","link":"https:\/\/consejosocial.umh.es\/ca\/premios-consejo-social\/premiados-iii-edicion\/","title":{"rendered":"Premiados III Edici\u00f3n"},"content":{"rendered":"<p><\/p>\n<p><p style=\"text-align: justify\"><strong>PREMIO A EMPRESAS E INSTITUCIONES<\/strong><\/p>\n<p style=\"text-align: justify\">EL CORTE INGL\u00c9S, S.A.<\/p>\n<p style=\"text-align: justify\"><strong>PREMIO ESTUDIANTES<\/strong><\/p>\n<p style=\"text-align: justify\">\u2022\u00a0D\u00aa. Estefan\u00eda Terres Valero.<br \/>\n\u2022\u00a0D\u00aa. Manuela Teresa Gand\u00eda Navarro.<br \/>\n\u2022\u00a0D\u00aa. Silvia Campos Ru\u00edz.<\/p>\n<p style=\"text-align: justify\"><strong>PREMIO INVESTIGACI\u00d3N<\/strong><\/p>\n<p style=\"text-align: justify\"><strong>A)\u00a0PREMIO GRUPOS DE INVESTIGACI\u00d3N<\/strong><\/p>\n<p style=\"text-align: justify\">Grupo del Instituto de Biolog\u00eda Molecular y Celular.<\/p>\n<p style=\"text-align: justify\">\u2022\u00a0Antonio Vicente Ferrer Montiel.<br \/>\n\u2022\u00a0Gregorio J. Fern\u00e1ndez Ballester.<br \/>\n\u2022\u00a0Miguel Saceda S\u00e1nchez.<br \/>\n\u2022\u00a0Bel\u00e9n Valenzuela Jim\u00e9nez.<\/p>\n<p style=\"text-align: justify\">T\u00edtulo del Proyecto: \u201cValidaci\u00f3n terap\u00e9utica de sistemas de vehiculizaci\u00f3n de f\u00e1rmacos en modelos in vitro e in vivo de c\u00e1ncer y dolor\u201d.<\/p>\n<p style=\"text-align: justify\"><strong>B) PREMIO A J\u00d3VENES INVESTIGADORES<\/strong><\/p>\n<p style=\"text-align: justify\">D. Alfonso Salinas Castillo.<\/p>\n<p style=\"text-align: justify\">PROPUESTA: \u201cDesarrollo de materiales biomim\u00e9ticos nanoestructurados implementables en sensores para el control de contaminantes\u201d.<\/p>\n<p style=\"text-align: justify\"><strong>PREMIO A LA INNOVACI\u00d3N EN LA DOCENCIA<\/strong><\/p>\n<p style=\"text-align: justify\">Prof. Adolfo Aracil Marco.<br \/>\nPropuesta: \u201cMejora de los resultados acad\u00e9micos mediante la implantaci\u00f3n de un contrato conductual\u201d.<\/p>\n<p style=\"text-align: justify\"><strong>PREMIO ACCIONES DE INNOVACI\u00d3N EN LA GESTI\u00d3N<\/strong><\/p>\n<p style=\"text-align: justify\">Observatorio Ocupacional.<\/p>\n<p style=\"text-align: justify\">Propuesta\u00a0 \u201cPlan de Mejora de la Comunicaci\u00f3n Observatorio Ocupacional Comunidad Universitaria\u201d.<\/p>\n<p style=\"text-align: justify\"><strong>PREMIO PROGRAMA FORMACI\u00d3N A LA CARTA<\/strong><\/p>\n<p style=\"text-align: justify\">Programa de \u201cTributaci\u00f3n e Internacionalizaci\u00f3n de la Empresa. Licenciatura A.D.E. \u201c<br \/>\nProf. Coordinadores D\u00aa. Eva Aliaga Agull\u00f3 y D\u00aa. Paula Vicente Arche-Coloma.<br \/>\nEmpresas colaboradoras: LANDWELL; 1980 CONSULTORS LEGALS.<\/p>\n<p style=\"text-align: justify\"><strong>PREMIO A ENTIDAD O INSTITUCI\u00d3N SIN ANIMO DE LUCRO<\/strong><\/p>\n<p style=\"text-align: justify\">RED ACOGE. FEDERACI\u00d3N DE ASOCIACIONES PRO INMIGRANTES, con especial menci\u00f3n a sus centros en la Comunidad Valenciana.<br \/>\nElche Acoge; Alicante Acoge; Vega Baja\u00a0 Acoge.<\/p>\n<\/p>\n<p><\/p>","protected":false},"excerpt":{"rendered":"<p>PREMIO A EMPRESAS E INSTITUCIONES<br \/>\nEL CORTE INGL\u00c9S, S.A.<br \/>\nPREMIO ESTUDIANTES<br \/>\n\u2022\u00a0D\u00aa. Estefan\u00eda Terres Valero.<br \/>\n\u2022\u00a0D\u00aa. Manuela Teresa Gand\u00eda Navarro.<br \/>\n\u2022\u00a0D\u00aa. Silvia Campos Ru\u00edz.<br \/>\nPREMIO INVESTIGACI\u00d3N<br \/>\nA)\u00a0PREMIO GRUPOS DE INVESTIGACI\u00d3N<br \/>\nGrupo del Instituto de Biolog\u00eda Molecular y Celular.<br \/>\n\u2022\u00a0Antonio Vicente Ferrer Montiel.<br \/>\n\u2022\u00a0Gregorio J. Fern\u00e1ndez Ballester.<br \/>\n\u2022\u00a0Miguel Saceda S\u00e1nchez.<br \/>\n\u2022\u00a0Bel\u00e9n Valenzuela Jim\u00e9nez.<br \/>\nT\u00edtulo del Proyecto: \u201cValidaci\u00f3n terap\u00e9utica de sistemas de vehiculizaci\u00f3n de f\u00e1rmacos en modelos in vitro e [&#8230;]<\/p>\n","protected":false},"author":1,"featured_media":0,"parent":62,"menu_order":30,"comment_status":"closed","ping_status":"closed","template":"","meta":{"ngg_post_thumbnail":0,"_links_to":"","_links_to_target":""},"_links":{"self":[{"href":"https:\/\/consejosocial.umh.es\/ca\/wp-json\/wp\/v2\/pages\/110"}],"collection":[{"href":"https:\/\/consejosocial.umh.es\/ca\/wp-json\/wp\/v2\/pages"}],"about":[{"href":"https:\/\/consejosocial.umh.es\/ca\/wp-json\/wp\/v2\/types\/page"}],"author":[{"embeddable":true,"href":"https:\/\/consejosocial.umh.es\/ca\/wp-json\/wp\/v2\/users\/1"}],"replies":[{"embeddable":true,"href":"https:\/\/consejosocial.umh.es\/ca\/wp-json\/wp\/v2\/comments?post=110"}],"version-history":[{"count":0,"href":"https:\/\/consejosocial.umh.es\/ca\/wp-json\/wp\/v2\/pages\/110\/revisions"}],"up":[{"embeddable":true,"href":"https:\/\/consejosocial.umh.es\/ca\/wp-json\/wp\/v2\/pages\/62"}],"wp:attachment":[{"href":"https:\/\/consejosocial.umh.es\/ca\/wp-json\/wp\/v2\/media?parent=110"}],"curies":[{"name":"wp","href":"https:\/\/api.w.org\/{rel}","templated":true}]}}